{"id":178,"date":"2015-04-13T06:43:45","date_gmt":"2015-04-13T06:43:45","guid":{"rendered":"http:\/\/do1rfr.de\/?page_id=178"},"modified":"2015-04-28T21:54:06","modified_gmt":"2015-04-28T21:54:06","slug":"linksammlung","status":"publish","type":"page","link":"https:\/\/do1rfr.de\/?page_id=178","title":{"rendered":"Linksammlung"},"content":{"rendered":"<p>So hier gibt es eine Sammlung an Link\u00b4s, von Programmen oder interessanten Internetseiten von bekannten OM\u00b4s. Da ich die Seite nicht st\u00e4ndig Pr\u00fcfen kann teilt mir bitte mit wenn Link\u00b4s defekt sind oder nicht die richtigen Inhalte dahinter sind.<\/p>\n<p>Nat\u00fcrlich kann ich keine Haftung f\u00fcr Inhalte oder schadhafte Software \u00fcbernehmen, da die Seiten nicht von mir erstellt worden, die hier verlinkt sind. TNX 73<\/p>\n<hr \/>\n<p><strong>Link Liste:<\/strong><\/p>\n<p><em><strong>Software:<\/strong><\/em><br \/>\nSSTV f\u00fcr Windows <a href=\"http:\/\/hamsoft.ca\/pages\/mmsstv.php\" target=\"_blank\">MMSSTV<\/a>\u00a0 (zum SSTV TX\/RX)<br \/>\nAndroid App SSTV <a href=\"https:\/\/play.google.com\/store\/apps\/details?id=com.wolphi.sstv&amp;hl=de\" target=\"_blank\">DroidSSTV\u00a0<\/a>(zum SSTV TX\/RX)<br \/>\nAndroid App <a href=\"https:\/\/play.google.com\/store\/apps\/details?id=org.echolink.android&amp;hl=de\" target=\"_blank\">Echolink<\/a>\u00a0 (zur Teilname am Echolink Netzwerk, Anmeldung erforderlich)<br \/>\nAndroid App <a href=\"https:\/\/play.google.com\/store\/apps\/details?id=com.zbm2.repeater&amp;hl=de\" target=\"_blank\">Repeater<\/a>\u00a0(n\u00fctzlich f\u00fcr unterwegs &#8230; EL Repeater suche)<\/p>\n<hr \/>\n<p><strong>Clubsationen:<\/strong><\/p>\n<p>B09 \u00a0<a href=\"http:\/\/www.amateurfunk-hof.de\" target=\"_blank\">DL0HOF<br \/>\n<\/a>Z91 \u00a0 <a href=\"http:\/\/z91.vfdb.org\/\" target=\"_blank\">DC0TO<br \/>\n<\/a>X10 \u00a0<a href=\"http:\/\/www.ov-x10.de\" target=\"_blank\">DL0ARN<\/a><br \/>\nX17 \u00a0<a href=\"http:\/\/www.dl0gth.de\" target=\"_blank\">DL0GTH<br \/>\n<\/a>X11 \u00a0<a href=\"http:\/\/www.darc.de\/distrikte\/x\/11\/\" target=\"_blank\">DM0EA<\/a><\/p>\n<p><strong>Seiten von OM\u00b4S:<\/strong><br \/>\nTom <a href=\"http:\/\/dj9zzz.de\" target=\"_blank\">DJ9ZZZ\u00a0<\/a><\/p>\n<p>&nbsp;<\/p>\n","protected":false},"excerpt":{"rendered":"<p>So hier gibt es eine Sammlung an Link\u00b4s, von Programmen oder interessanten Internetseiten von bekannten OM\u00b4s. Da ich die Seite nicht st\u00e4ndig Pr\u00fcfen kann teilt mir bitte mit wenn Link\u00b4s defekt sind oder nicht die richtigen Inhalte dahinter sind. Nat\u00fcrlich &hellip; <a href=\"https:\/\/do1rfr.de\/?page_id=178\">Weiterlesen <span class=\"meta-nav\">&rarr;<\/span><\/a><\/p>\n","protected":false},"author":1,"featured_media":0,"parent":0,"menu_order":0,"comment_status":"open","ping_status":"closed","template":"","meta":{"jetpack_post_was_ever_published":false},"jetpack_sharing_enabled":true,"jetpack_shortlink":"https:\/\/wp.me\/P8wp2k-2S","_links":{"self":[{"href":"https:\/\/do1rfr.de\/index.php?rest_route=\/wp\/v2\/pages\/178"}],"collection":[{"href":"https:\/\/do1rfr.de\/index.php?rest_route=\/wp\/v2\/pages"}],"about":[{"href":"https:\/\/do1rfr.de\/index.php?rest_route=\/wp\/v2\/types\/page"}],"author":[{"embeddable":true,"href":"https:\/\/do1rfr.de\/index.php?rest_route=\/wp\/v2\/users\/1"}],"replies":[{"embeddable":true,"href":"https:\/\/do1rfr.de\/index.php?rest_route=%2Fwp%2Fv2%2Fcomments&post=178"}],"version-history":[{"count":10,"href":"https:\/\/do1rfr.de\/index.php?rest_route=\/wp\/v2\/pages\/178\/revisions"}],"predecessor-version":[{"id":197,"href":"https:\/\/do1rfr.de\/index.php?rest_route=\/wp\/v2\/pages\/178\/revisions\/197"}],"wp:attachment":[{"href":"https:\/\/do1rfr.de\/index.php?rest_route=%2Fwp%2Fv2%2Fmedia&parent=178"}],"curies":[{"name":"wp","href":"https:\/\/api.w.org\/{rel}","templated":true}]}}